{"id":33,"date":"2025-10-16T03:07:46","date_gmt":"2025-10-16T03:07:46","guid":{"rendered":"https:\/\/eliozarate.cl\/?page_id=33"},"modified":"2025-10-16T04:41:04","modified_gmt":"2025-10-16T04:41:04","slug":"sobre-mi","status":"publish","type":"page","link":"https:\/\/eliozarate.cl\/?page_id=33","title":{"rendered":"Aqu\u00ed podr\u00e1s conocer m\u00e1s sobre Elio Z\u00e1rate"},"content":{"rendered":"\n<div class=\"wp-block-group alignfull has-global-padding is-layout-constrained wp-container-core-group-is-layout-4d69848d wp-block-group-is-layout-constrained\" style=\"padding-top:var(--wp--preset--spacing--80);padding-bottom:var(--wp--preset--spacing--80)\">\n<div class=\"wp-block-group has-global-padding is-layout-constrained wp-container-core-group-is-layout-a903b90d wp-block-group-is-layout-constrained\">\n<p class=\"has-text-align-center has-x-small-font-size\" style=\"letter-spacing:1px;text-transform:uppercase\"><\/p>\n\n\n\n<h1 class=\"wp-block-heading alignfull has-text-align-center\">\u00a1Soy todo esto y m\u00e1s!<\/h1>\n<\/div>\n\n\n\n<div class=\"wp-block-columns alignwide is-layout-flex wp-container-core-columns-is-layout-28f84493 wp-block-columns-is-layout-flex\">\n<div class=\"wp-block-column is-layout-flow wp-block-column-is-layout-flow\">\n<div class=\"wp-block-cover has-custom-content-position is-position-bottom-center\" style=\"border-radius:5px;padding-top:var(--wp--preset--spacing--40);padding-right:var(--wp--preset--spacing--40);padding-bottom:var(--wp--preset--spacing--40);padding-left:var(--wp--preset--spacing--40);min-height:400px;aspect-ratio:unset;\"><img loading=\"lazy\" decoding=\"async\" width=\"768\" height=\"1024\" class=\"wp-block-cover__image-background wp-image-48 size-large\" alt=\"\" src=\"https:\/\/eliozarate.cl\/wp-content\/uploads\/2025\/10\/IMG_20250629_104718-768x1024.jpg\" data-object-fit=\"cover\" srcset=\"https:\/\/eliozarate.cl\/wp-content\/uploads\/2025\/10\/IMG_20250629_104718-768x1024.jpg 768w, https:\/\/eliozarate.cl\/wp-content\/uploads\/2025\/10\/IMG_20250629_104718-225x300.jpg 225w, https:\/\/eliozarate.cl\/wp-content\/uploads\/2025\/10\/IMG_20250629_104718-1152x1536.jpg 1152w, https:\/\/eliozarate.cl\/wp-content\/uploads\/2025\/10\/IMG_20250629_104718-1536x2048.jpg 1536w, https:\/\/eliozarate.cl\/wp-content\/uploads\/2025\/10\/IMG_20250629_104718-scaled.jpg 1920w\" sizes=\"auto, (max-width: 768px) 100vw, 768px\" \/><span aria-hidden=\"true\" class=\"wp-block-cover__background has-primary-background-color has-background-dim\"><\/span><div class=\"wp-block-cover__inner-container has-global-padding is-layout-constrained wp-container-core-cover-is-layout-52009084 wp-block-cover-is-layout-constrained\">\n<div class=\"wp-block-group has-global-padding is-layout-constrained wp-container-core-group-is-layout-e555385e wp-block-group-is-layout-constrained\">\n<h5 class=\"wp-block-heading has-text-align-center\">Ecologista<\/h5>\n<\/div>\n<\/div><\/div>\n<\/div>\n\n\n\n<div class=\"wp-block-column is-layout-flow wp-block-column-is-layout-flow\">\n<div class=\"wp-block-cover has-custom-content-position is-position-bottom-center\" style=\"border-radius:5px;padding-top:var(--wp--preset--spacing--40);padding-right:var(--wp--preset--spacing--40);padding-bottom:var(--wp--preset--spacing--40);padding-left:var(--wp--preset--spacing--40);min-height:400px;aspect-ratio:unset;\"><img loading=\"lazy\" decoding=\"async\" width=\"768\" height=\"1024\" class=\"wp-block-cover__image-background wp-image-49 size-large\" alt=\"\" src=\"https:\/\/eliozarate.cl\/wp-content\/uploads\/2025\/10\/Elio-Docente-768x1024.jpg\" data-object-fit=\"cover\" srcset=\"https:\/\/eliozarate.cl\/wp-content\/uploads\/2025\/10\/Elio-Docente-768x1024.jpg 768w, https:\/\/eliozarate.cl\/wp-content\/uploads\/2025\/10\/Elio-Docente-225x300.jpg 225w, https:\/\/eliozarate.cl\/wp-content\/uploads\/2025\/10\/Elio-Docente-1152x1536.jpg 1152w, https:\/\/eliozarate.cl\/wp-content\/uploads\/2025\/10\/Elio-Docente.jpg 1200w\" sizes=\"auto, (max-width: 768px) 100vw, 768px\" \/><span aria-hidden=\"true\" class=\"wp-block-cover__background has-primary-background-color has-background-dim\"><\/span><div class=\"wp-block-cover__inner-container has-global-padding is-layout-constrained wp-container-core-cover-is-layout-52009084 wp-block-cover-is-layout-constrained\">\n<div class=\"wp-block-group has-global-padding is-layout-constrained wp-container-core-group-is-layout-e555385e wp-block-group-is-layout-constrained\">\n<h5 class=\"wp-block-heading has-text-align-center\">Docente<\/h5>\n<\/div>\n<\/div><\/div>\n<\/div>\n\n\n\n<div class=\"wp-block-column is-layout-flow wp-block-column-is-layout-flow\">\n<div class=\"wp-block-cover has-custom-content-position is-position-bottom-center wp-duotone-unset-1\" style=\"border-radius:5px;padding-top:var(--wp--preset--spacing--40);padding-right:var(--wp--preset--spacing--40);padding-bottom:var(--wp--preset--spacing--40);padding-left:var(--wp--preset--spacing--40);min-height:400px;aspect-ratio:unset;\"><img loading=\"lazy\" decoding=\"async\" width=\"576\" height=\"1024\" class=\"wp-block-cover__image-background wp-image-50 size-large\" alt=\"\" src=\"https:\/\/eliozarate.cl\/wp-content\/uploads\/2025\/10\/Animalista-576x1024.jpg\" style=\"object-position:53% 25%\" data-object-fit=\"cover\" data-object-position=\"53% 25%\" srcset=\"https:\/\/eliozarate.cl\/wp-content\/uploads\/2025\/10\/Animalista-576x1024.jpg 576w, https:\/\/eliozarate.cl\/wp-content\/uploads\/2025\/10\/Animalista-169x300.jpg 169w, https:\/\/eliozarate.cl\/wp-content\/uploads\/2025\/10\/Animalista.jpg 581w\" sizes=\"auto, (max-width: 576px) 100vw, 576px\" \/><span aria-hidden=\"true\" class=\"wp-block-cover__background has-primary-background-color has-background-dim\"><\/span><div class=\"wp-block-cover__inner-container has-global-padding is-layout-constrained wp-container-core-cover-is-layout-52009084 wp-block-cover-is-layout-constrained\">\n<div class=\"wp-block-group has-global-padding is-layout-constrained wp-container-core-group-is-layout-e555385e wp-block-group-is-layout-constrained\">\n<h5 class=\"wp-block-heading has-text-align-center\">Animalista<\/h5>\n<\/div>\n<\/div><\/div>\n<\/div>\n\n\n\n<div class=\"wp-block-column is-layout-flow wp-block-column-is-layout-flow\">\n<div class=\"wp-block-cover has-custom-content-position is-position-bottom-center\" style=\"border-radius:5px;padding-top:var(--wp--preset--spacing--40);padding-right:var(--wp--preset--spacing--40);padding-bottom:var(--wp--preset--spacing--40);padding-left:var(--wp--preset--spacing--40);min-height:400px;aspect-ratio:unset;\"><img loading=\"lazy\" decoding=\"async\" width=\"768\" height=\"1024\" class=\"wp-block-cover__image-background wp-image-51 size-large\" alt=\"\" src=\"https:\/\/eliozarate.cl\/wp-content\/uploads\/2025\/10\/Elio-Vecino-768x1024.jpg\" style=\"object-position:50% 65%\" data-object-fit=\"cover\" data-object-position=\"50% 65%\" srcset=\"https:\/\/eliozarate.cl\/wp-content\/uploads\/2025\/10\/Elio-Vecino-768x1024.jpg 768w, https:\/\/eliozarate.cl\/wp-content\/uploads\/2025\/10\/Elio-Vecino-225x300.jpg 225w, https:\/\/eliozarate.cl\/wp-content\/uploads\/2025\/10\/Elio-Vecino.jpg 972w\" sizes=\"auto, (max-width: 768px) 100vw, 768px\" \/><span aria-hidden=\"true\" class=\"wp-block-cover__background has-primary-background-color has-background-dim\"><\/span><div class=\"wp-block-cover__inner-container has-global-padding is-layout-constrained wp-container-core-cover-is-layout-52009084 wp-block-cover-is-layout-constrained\">\n<div class=\"wp-block-group has-global-padding is-layout-constrained wp-container-core-group-is-layout-e555385e wp-block-group-is-layout-constrained\">\n<h5 class=\"wp-block-heading has-text-align-center\">Vecino<\/h5>\n<\/div>\n<\/div><\/div>\n<\/div>\n<\/div>\n<\/div>\n\n\n\n<div class=\"wp-block-cover alignfull is-light wp-duotone-blue-red\" style=\"margin-top:0;padding-top:48px;padding-right:48px;padding-bottom:48px;padding-left:48px;min-height:688px;aspect-ratio:unset;\"><img loading=\"lazy\" decoding=\"async\" width=\"1024\" height=\"768\" class=\"wp-block-cover__image-background wp-image-52 size-large\" alt=\"\" src=\"https:\/\/eliozarate.cl\/wp-content\/uploads\/2025\/10\/Bosque-Panul-1024x768.jpg\" style=\"object-position:50% 48%\" data-object-fit=\"cover\" data-object-position=\"50% 48%\" srcset=\"https:\/\/eliozarate.cl\/wp-content\/uploads\/2025\/10\/Bosque-Panul-1024x768.jpg 1024w, https:\/\/eliozarate.cl\/wp-content\/uploads\/2025\/10\/Bosque-Panul-300x225.jpg 300w, https:\/\/eliozarate.cl\/wp-content\/uploads\/2025\/10\/Bosque-Panul-768x576.jpg 768w, https:\/\/eliozarate.cl\/wp-content\/uploads\/2025\/10\/Bosque-Panul.jpg 1280w\" sizes=\"auto, (max-width: 1024px) 100vw, 1024px\" \/><span aria-hidden=\"true\" class=\"wp-block-cover__background has-background-dim-30 has-background-dim\" style=\"background-color:#8590a6\"><\/span><div class=\"wp-block-cover__inner-container is-layout-flow wp-block-cover-is-layout-flow\">\n<div class=\"wp-block-group has-global-padding is-content-justification-left is-layout-constrained wp-container-core-group-is-layout-0b562c1c wp-block-group-is-layout-constrained\">\n<h2 class=\"wp-block-heading has-text-align-right has-white-color has-text-color\" style=\"font-size:100px;font-style:normal;font-weight:700;letter-spacing:0px;line-height:1;text-transform:uppercase\">Haz una caminata y pasea por el bosque<\/h2>\n<\/div>\n<\/div><\/div>\n\n\n\n<div class=\"wp-block-group alignfull has-global-padding is-layout-constrained wp-container-core-group-is-layout-fac89d76 wp-block-group-is-layout-constrained\" style=\"padding-top:var(--wp--preset--spacing--80);padding-bottom:var(--wp--preset--spacing--80)\">\n<div class=\"wp-block-group has-global-padding is-layout-constrained wp-container-core-group-is-layout-a903b90d wp-block-group-is-layout-constrained\">\n<p class=\"has-text-align-center has-x-small-font-size\" style=\"letter-spacing:1px;text-transform:uppercase\">Mi Historia<\/p>\n\n\n\n<h2 class=\"wp-block-heading alignfull has-text-align-center\">Hijo del Territorio, Defensor de \u00c9l.<\/h2>\n\n\n\n<pre class=\"wp-block-preformatted\"><\/pre>\n<\/div>\n\n\n\n<div class=\"wp-block-columns alignwide are-vertically-aligned-top is-layout-flex wp-container-core-columns-is-layout-e0514770 wp-block-columns-is-layout-flex\" style=\"padding-top:0px\">\n<div class=\"wp-block-column is-vertically-aligned-top is-layout-flow wp-block-column-is-layout-flow\">\n<h2 class=\"wp-block-heading has-text-align-center has-x-large-font-size\">\ud83c\udf31 Ra\u00edces en La Reina<\/h2>\n\n\n\n<p class=\"has-text-align-center has-large-font-size\"><br>Soy nacido y criado en el coraz\u00f3n de La Reina, crec\u00ed entre el verde de las parcelas <br>y los caballos que fueron mis primeros compa\u00f1eros de juego. Hijo de Raquel, una mujer <br>fuerte que cri\u00f3 10 hijos, y de un padre marxista fundador de partidos pol\u00edticos, <br>desde peque\u00f1o entend\u00ed los valores de la lucha social y la importancia de la comunidad.<br><\/p>\n\n\n\n<div class=\"wp-block-group is-content-justification-center is-nowrap is-layout-flex wp-container-core-group-is-layout-23441af8 wp-block-group-is-layout-flex\">\n<figure class=\"wp-block-image size-full has-custom-border\"><img decoding=\"async\" src=\"https:\/\/eliozarate.cl\/wp-content\/themes\/patterns-political\/assets\/img\/img-5.jpg\" alt=\"\" style=\"border-radius:10px;object-fit:cover\"\/><\/figure>\n\n\n\n<figure class=\"wp-block-image size-full has-custom-border\"><img decoding=\"async\" src=\"https:\/\/eliozarate.cl\/wp-content\/themes\/patterns-political\/assets\/img\/img-6.jpg\" alt=\"\" style=\"border-radius:10px;object-fit:cover\"\/><\/figure>\n<\/div>\n<\/div>\n<\/div>\n<\/div>\n\n\n\n<div class=\"wp-block-group alignfull has-global-padding is-layout-constrained wp-container-core-group-is-layout-fac89d76 wp-block-group-is-layout-constrained\" style=\"padding-top:var(--wp--preset--spacing--80);padding-bottom:var(--wp--preset--spacing--80)\">\n<div class=\"wp-block-columns alignwide are-vertically-aligned-top is-layout-flex wp-container-core-columns-is-layout-e0514770 wp-block-columns-is-layout-flex\" style=\"padding-top:0px\">\n<div class=\"wp-block-column is-vertically-aligned-top is-layout-flow wp-block-column-is-layout-flow\">\n<h2 class=\"wp-block-heading has-text-align-center has-x-large-font-size\">\ud83c\udfbe El Tenis como Puerta de Entrada<\/h2>\n\n\n\n<p class=\"has-text-align-center has-large-font-size\"><br>Mi vida cambi\u00f3 cuando descubr\u00ed las canchas de tenis vecinas. Comenc\u00e9 como pelotero, <br>corriendo tras las pelotas, y as\u00ed naci\u00f3 mi pasi\u00f3n por el deporte que me acompa\u00f1ar\u00eda <br>toda la vida. De recoger pelotas pas\u00e9 a dominar la raqueta, transform\u00e1ndome en <br>profesor de tenis y usando el deporte como herramienta de transformaci\u00f3n social.<br><\/p>\n\n\n\n<div class=\"wp-block-group is-content-justification-center is-nowrap is-layout-flex wp-container-core-group-is-layout-23441af8 wp-block-group-is-layout-flex\">\n<figure class=\"wp-block-image size-full has-custom-border\"><img decoding=\"async\" src=\"https:\/\/eliozarate.cl\/wp-content\/themes\/patterns-political\/assets\/img\/img-5.jpg\" alt=\"\" style=\"border-radius:10px;object-fit:cover\"\/><\/figure>\n\n\n\n<figure class=\"wp-block-image size-full has-custom-border\"><img decoding=\"async\" src=\"https:\/\/eliozarate.cl\/wp-content\/themes\/patterns-political\/assets\/img\/img-6.jpg\" alt=\"\" style=\"border-radius:10px;object-fit:cover\"\/><\/figure>\n<\/div>\n<\/div>\n<\/div>\n<\/div>\n\n\n\n<div class=\"wp-block-group alignfull has-global-padding is-layout-constrained wp-container-core-group-is-layout-fac89d76 wp-block-group-is-layout-constrained\" style=\"padding-top:var(--wp--preset--spacing--80);padding-bottom:var(--wp--preset--spacing--80)\">\n<div class=\"wp-block-columns alignwide are-vertically-aligned-top is-layout-flex wp-container-core-columns-is-layout-e0514770 wp-block-columns-is-layout-flex\" style=\"padding-top:0px\">\n<div class=\"wp-block-column is-vertically-aligned-top is-layout-flow wp-block-column-is-layout-flow\">\n<h2 class=\"wp-block-heading has-text-align-center has-x-large-font-size\">\ud83d\udc51 L\u00edder Nato<\/h2>\n\n\n\n<p class=\"has-text-align-center has-large-font-size\"><br>Mi vocaci\u00f3n de servicio apareci\u00f3 a temprana edad: en la Escuela Experimental Art\u00edstica fu\u00ed <br>elegido democr\u00e1ticamente como presidente de curso y nunca m\u00e1s dejaron de elegirme. Muchos dicen que tengo un carisma natural y <br>soy muy comprometido con lo que me propongo. Estas virtudes marcaron una trayectoria de liderazgo que se mantendr\u00eda <br>en el liceo y por el resto de mi vida adulta.<br><\/p>\n\n\n\n<div class=\"wp-block-group is-content-justification-center is-nowrap is-layout-flex wp-container-core-group-is-layout-23441af8 wp-block-group-is-layout-flex\">\n<figure class=\"wp-block-image size-full has-custom-border\"><img decoding=\"async\" src=\"https:\/\/eliozarate.cl\/wp-content\/themes\/patterns-political\/assets\/img\/img-5.jpg\" alt=\"\" style=\"border-radius:10px;object-fit:cover\"\/><\/figure>\n\n\n\n<figure class=\"wp-block-image size-full has-custom-border\"><img decoding=\"async\" src=\"https:\/\/eliozarate.cl\/wp-content\/themes\/patterns-political\/assets\/img\/img-6.jpg\" alt=\"\" style=\"border-radius:10px;object-fit:cover\"\/><\/figure>\n<\/div>\n<\/div>\n<\/div>\n<\/div>\n\n\n\n<div class=\"wp-block-group alignfull has-global-padding is-layout-constrained wp-container-core-group-is-layout-fac89d76 wp-block-group-is-layout-constrained\" style=\"padding-top:var(--wp--preset--spacing--80);padding-bottom:var(--wp--preset--spacing--80)\">\n<div class=\"wp-block-columns alignwide are-vertically-aligned-top is-layout-flex wp-container-core-columns-is-layout-e0514770 wp-block-columns-is-layout-flex\" style=\"padding-top:0px\">\n<div class=\"wp-block-column is-vertically-aligned-top is-layout-flow wp-block-column-is-layout-flow\">\n<h2 class=\"wp-block-heading has-text-align-center has-x-large-font-size\">\ud83d\udc9e Familia y un Despertar<\/h2>\n\n\n\n<p class=\"has-text-align-center has-large-font-size\"><br>Form\u00e9 una familia con mi esposa, con quien tuve tres hijos. Ten\u00eda trabajo estable, <br>una familia amorosa&#8230; hasta que un accidente automovil\u00edstico donde volcamos con toda <br>mi familia me hizo replantearme todo. Milagrosamente nadie sali\u00f3 gravemente herido, <br>pero el susto fue suficiente para que entendiera: \u00abEstaba trabajando mucho <br>y dedic\u00e1ndole poco tiempo a lo verdaderamente importante\u00bb.<br><\/p>\n\n\n\n<div class=\"wp-block-group is-content-justification-center is-nowrap is-layout-flex wp-container-core-group-is-layout-23441af8 wp-block-group-is-layout-flex\">\n<figure class=\"wp-block-image size-full has-custom-border\"><img decoding=\"async\" src=\"https:\/\/eliozarate.cl\/wp-content\/themes\/patterns-political\/assets\/img\/img-5.jpg\" alt=\"\" style=\"border-radius:10px;object-fit:cover\"\/><\/figure>\n\n\n\n<figure class=\"wp-block-image size-full has-custom-border\"><img decoding=\"async\" src=\"https:\/\/eliozarate.cl\/wp-content\/themes\/patterns-political\/assets\/img\/img-6.jpg\" alt=\"\" style=\"border-radius:10px;object-fit:cover\"\/><\/figure>\n<\/div>\n<\/div>\n<\/div>\n<\/div>\n\n\n\n<div class=\"wp-block-group alignfull has-global-padding is-layout-constrained wp-container-core-group-is-layout-fac89d76 wp-block-group-is-layout-constrained\" style=\"padding-top:var(--wp--preset--spacing--80);padding-bottom:var(--wp--preset--spacing--80)\">\n<div class=\"wp-block-columns alignwide are-vertically-aligned-top is-layout-flex wp-container-core-columns-is-layout-e0514770 wp-block-columns-is-layout-flex\" style=\"padding-top:0px\">\n<div class=\"wp-block-column is-vertically-aligned-top is-layout-flow wp-block-column-is-layout-flow\">\n<h2 class=\"wp-block-heading has-text-align-center has-x-large-font-size\">\ud83c\udf33 El Llamado de la Tierra<\/h2>\n\n\n\n<p class=\"has-text-align-center has-large-font-size\"><br>El accidente fue un punto de inflexi\u00f3n. Comenc\u00e9 a internarme en los bosques, <br>subir cerros y conectarme con comunidades. Descubr\u00ed que cuidar la tierra era, <br>para muchos, \u00abuna causa perdida\u00bb&#8230; pero no para mi&#8230; <\/p>\n\n\n\n<p class=\"has-text-align-center has-medium-font-size\"><br><\/p>\n\n\n\n<div class=\"wp-block-group is-content-justification-center is-nowrap is-layout-flex wp-container-core-group-is-layout-23441af8 wp-block-group-is-layout-flex\">\n<figure class=\"wp-block-image size-full has-custom-border\"><img decoding=\"async\" src=\"https:\/\/eliozarate.cl\/wp-content\/themes\/patterns-political\/assets\/img\/img-5.jpg\" alt=\"\" style=\"border-radius:10px;object-fit:cover\"\/><\/figure>\n\n\n\n<figure class=\"wp-block-image size-full has-custom-border\"><img decoding=\"async\" src=\"https:\/\/eliozarate.cl\/wp-content\/themes\/patterns-political\/assets\/img\/img-6.jpg\" alt=\"\" style=\"border-radius:10px;object-fit:cover\"\/><\/figure>\n<\/div>\n<\/div>\n<\/div>\n<\/div>\n\n\n\n<div class=\"wp-block-group alignfull has-global-padding is-layout-constrained wp-container-core-group-is-layout-fac89d76 wp-block-group-is-layout-constrained\" style=\"padding-top:var(--wp--preset--spacing--80);padding-bottom:var(--wp--preset--spacing--80)\">\n<div class=\"wp-block-columns alignwide are-vertically-aligned-top is-layout-flex wp-container-core-columns-is-layout-e0514770 wp-block-columns-is-layout-flex\" style=\"padding-top:0px\">\n<div class=\"wp-block-column is-vertically-aligned-top is-layout-flow wp-block-column-is-layout-flow\">\n<h2 class=\"wp-block-heading has-text-align-center has-x-large-font-size\">\ud83d\udc3e Activismo Integral<\/h2>\n\n\n\n<p class=\"has-text-align-center has-large-font-size\"><br>Mi amor por la naturaleza me llev\u00f3 a:<br>&#8211; Crear grupos de acci\u00f3n ambiental m\u00e1s all\u00e1 de la conversaci\u00f3n<br>&#8211; Adoptar mascotas y convertirme en defensor animal<br>&#8211; Tejer lazos comunitarios con vecinos y vecinas<br>&#8211; Abrir rutas seguras en los cerros para que nadie se perdiera<br><\/p>\n\n\n\n<div class=\"wp-block-group is-content-justification-center is-nowrap is-layout-flex wp-container-core-group-is-layout-23441af8 wp-block-group-is-layout-flex\">\n<figure class=\"wp-block-image size-full has-custom-border\"><img decoding=\"async\" src=\"https:\/\/eliozarate.cl\/wp-content\/themes\/patterns-political\/assets\/img\/img-5.jpg\" alt=\"\" style=\"border-radius:10px;object-fit:cover\"\/><\/figure>\n\n\n\n<figure class=\"wp-block-image size-full has-custom-border\"><img decoding=\"async\" src=\"https:\/\/eliozarate.cl\/wp-content\/themes\/patterns-political\/assets\/img\/img-6.jpg\" alt=\"\" style=\"border-radius:10px;object-fit:cover\"\/><\/figure>\n<\/div>\n<\/div>\n<\/div>\n<\/div>\n\n\n\n<div class=\"wp-block-group alignfull has-global-padding is-layout-constrained wp-container-core-group-is-layout-fac89d76 wp-block-group-is-layout-constrained\" style=\"padding-top:var(--wp--preset--spacing--80);padding-bottom:var(--wp--preset--spacing--80)\">\n<div class=\"wp-block-columns alignwide are-vertically-aligned-top is-layout-flex wp-container-core-columns-is-layout-e0514770 wp-block-columns-is-layout-flex\" style=\"padding-top:0px\">\n<div class=\"wp-block-column is-vertically-aligned-top is-layout-flow wp-block-column-is-layout-flow\">\n<h2 class=\"wp-block-heading has-text-align-center has-x-large-font-size\">\ud83c\udfdb\ufe0f El Siguiente Paso L\u00f3gico<\/h2>\n\n\n\n<p class=\"has-text-align-center has-large-font-size\"><br>Hoy, Elio Z\u00e1rate se postula como Diputado por el Distrito 11, llevando al Congreso <br>la misma pasi\u00f3n que lo ha guiado toda su vida: la defensa de las personas, los <br>animales y el territorio que ama.<\/p>\n\n\n\n<p class=\"has-text-align-center has-medium-font-size\"><br><\/p>\n\n\n\n<div class=\"wp-block-group is-content-justification-center is-nowrap is-layout-flex wp-container-core-group-is-layout-23441af8 wp-block-group-is-layout-flex\">\n<figure class=\"wp-block-image size-full is-resized has-custom-border\"><img loading=\"lazy\" decoding=\"async\" width=\"1131\" height=\"1600\" src=\"https:\/\/eliozarate.cl\/wp-content\/uploads\/2025\/10\/Flyer-Elio-Frontal.jpeg\" alt=\"Flyer Elio\" class=\"wp-image-26\" style=\"border-radius:10px;width:836px;height:auto\" srcset=\"https:\/\/eliozarate.cl\/wp-content\/uploads\/2025\/10\/Flyer-Elio-Frontal.jpeg 1131w, https:\/\/eliozarate.cl\/wp-content\/uploads\/2025\/10\/Flyer-Elio-Frontal-212x300.jpeg 212w, https:\/\/eliozarate.cl\/wp-content\/uploads\/2025\/10\/Flyer-Elio-Frontal-724x1024.jpeg 724w, https:\/\/eliozarate.cl\/wp-content\/uploads\/2025\/10\/Flyer-Elio-Frontal-768x1086.jpeg 768w, https:\/\/eliozarate.cl\/wp-content\/uploads\/2025\/10\/Flyer-Elio-Frontal-1086x1536.jpeg 1086w\" sizes=\"auto, (max-width: 1131px) 100vw, 1131px\" \/><\/figure>\n<\/div>\n<\/div>\n<\/div>\n<\/div>\n\n\n\n<p><\/p>\n","protected":false},"excerpt":{"rendered":"<p>\u00a1Soy todo esto y m\u00e1s! Mi Historia Hijo del Territorio, Defensor de \u00c9l. \ud83c\udf31 Ra\u00edces en La Reina Soy nacido y criado en el coraz\u00f3n de La Reina, crec\u00ed entre el verde de las parcelas y los caballos que fueron mis primeros compa\u00f1eros de juego. Hijo de Raquel, una mujer fuerte que cri\u00f3 10 hijos, [&hellip;]<\/p>\n","protected":false},"author":1,"featured_media":26,"parent":0,"menu_order":0,"comment_status":"closed","ping_status":"closed","template":"","meta":{"footnotes":""},"class_list":["post-33","page","type-page","status-publish","has-post-thumbnail","hentry"],"_links":{"self":[{"href":"https:\/\/eliozarate.cl\/index.php?rest_route=\/wp\/v2\/pages\/33","targetHints":{"allow":["GET"]}}],"collection":[{"href":"https:\/\/eliozarate.cl\/index.php?rest_route=\/wp\/v2\/pages"}],"about":[{"href":"https:\/\/eliozarate.cl\/index.php?rest_route=\/wp\/v2\/types\/page"}],"author":[{"embeddable":true,"href":"https:\/\/eliozarate.cl\/index.php?rest_route=\/wp\/v2\/users\/1"}],"replies":[{"embeddable":true,"href":"https:\/\/eliozarate.cl\/index.php?rest_route=%2Fwp%2Fv2%2Fcomments&post=33"}],"version-history":[{"count":7,"href":"https:\/\/eliozarate.cl\/index.php?rest_route=\/wp\/v2\/pages\/33\/revisions"}],"predecessor-version":[{"id":57,"href":"https:\/\/eliozarate.cl\/index.php?rest_route=\/wp\/v2\/pages\/33\/revisions\/57"}],"wp:featuredmedia":[{"embeddable":true,"href":"https:\/\/eliozarate.cl\/index.php?rest_route=\/wp\/v2\/media\/26"}],"wp:attachment":[{"href":"https:\/\/eliozarate.cl\/index.php?rest_route=%2Fwp%2Fv2%2Fmedia&parent=33"}],"curies":[{"name":"wp","href":"https:\/\/api.w.org\/{rel}","templated":true}]}}